{"id":14800,"date":"2024-07-15T13:05:18","date_gmt":"2024-07-15T11:05:18","guid":{"rendered":"https:\/\/www.prenajombyty.sk\/new\/?page_id=14800"},"modified":"2024-09-16T15:18:25","modified_gmt":"2024-09-16T13:18:25","slug":"kancelarie","status":"publish","type":"page","link":"https:\/\/www.prenajombyty.sk\/new\/kancelarie\/","title":{"rendered":"Aktu\u00e1lna ponuka dostupn\u00fdch kancel\u00e1ri\u00ed"},"content":{"rendered":"<p>[vc_row][vc_column]\r\n    <div class=\"recent-properties\">\r\n\r\n        \r\n\t\t<div class=\"properties grid\" >\r\n\t\t\t<div class=\"properties-header\">\r\n\t\t\t\t<h1 class=\"page-title\"><\/h1>\r\n\t\t\t\t\t<div class=\"properties-toolbar\" >\r\n\t\t\t\t\t\t<a class=\"selected\" data-mode=\"grid\" href=\"\/new\/wp-json\/wp\/v2\/pages\/14800?mode=grid\" title=\"Mrie\u017eka\"><i class=\"fa fa-th-large\"><\/i><\/a>\r\n\t\t\t\t\t\t<a class=\"\" data-mode=\"list\" href=\"\/new\/wp-json\/wp\/v2\/pages\/14800?mode=list\" title=\"Zoznam\"><i class=\"fa fa-list\"><\/i><\/a>\r\n\t\t\t\t\t\t\t\t\t\t\t<\/div>\r\n\t\t\t<\/div>\r\n\r\n\t\t\t\t\t\t\r\n\t\t\t\r\n\t\t\t\t<div class=\"noo-property-compare\">\r\n\t\t\t\t\t\r\n\t\t\t\t\t<form style=\"display: none\" method=\"POST\" action=\"https:\/\/www.prenajombyty.sk\/new\/compare-listings\/\" class=\"submit-compare-69f17e1ac155f\">\r\n\t\t\t\t\t\t\r\n\t\t\t\t\t\t<h3 class=\"title-compare\">\r\n\t\t\t\t\t\t\tPorovna\u0165 nehnute\u013enosti\t\t\t\t\t\t<\/h3>\r\n\r\n\t\t\t\t\t\t<div class=\"list-compare\"><\/div>\r\n\r\n\t\t\t\t\t\t<input type=\"submit\" name=\"submit-compare\" value=\"Porovna\u0165\" \/>\r\n\r\n\t\t\t\t\t<\/form>\r\n\r\n\t\t\t\t<\/div><!-- \/.noo-property-compare -->\r\n\r\n\t\t\t\r\n\t\t\t<div class=\"properties-content\">\r\n\t\t\t    \t\t\t\t<article id=\"property-13488\" class=\"post-13488 noo_property type-noo_property status-publish has-post-thumbnail hentry property_category-kancelaria property_label-volne property_location-bratislava property_sub_location-centrum property_status-prenajom has-featured\">\r\n\t\t\t    <div class=\"property-featured\">\r\n\t\t\t    \t\t\t\t    \t\t\t\t        <a class=\"content-thumb xx\" href=\"https:\/\/www.prenajombyty.sk\/new\/properties\/nadstandardne-administrativne-priestory-v-centre-hlavneho-mesta-7\/\">\r\n\t\t\t\t\t\t<img fetchpriority=\"high\" decoding=\"async\" width=\"370\" height=\"300\" src=\"https:\/\/www.prenajombyty.sk\/new\/wp-content\/uploads\/2024\/03\/Obrazok-WhatsApp-2024-03-19-o-12.32.01_9d869c0a-370x300.jpg\" class=\"attachment-property-thumb size-property-thumb wp-post-image\" alt=\"\" \/>\t\t\t\t\t<\/a>\r\n\t\t\t\t\t\t\t\t\t\t\t<span class=\"property-label\"  style=\"background-color:#81d742\">Vo\u013en\u00e9<\/span>\r\n\t\t\t\t\t\t\t\t\t\t\t\t\t\t\t\t\t\t\t\t\t<span class=\"property-label sold\">Pren\u00e1jom<\/span>\r\n\t\t\t\t\t\t\t\t\t\t<span class=\"property-category\"><a href=\"https:\/\/www.prenajombyty.sk\/new\/listings\/kancelaria\/\" rel=\"tag\">Kancel\u00e1ria<\/a><\/span>\r\n\t\t\t\t\t\t\t\t\t\t<a class=\"out-link\" title=\"\" href=\"https:\/\/www.prenajombyty.sk\/new\/properties\/nadstandardne-administrativne-priestory-v-centre-hlavneho-mesta-7\/\">\r\n\t\t\t\t\t\t<i class=\"fa fa-link\" aria-hidden=\"true\"><\/i>\r\n\t\t\t\t\t<\/a>\r\n\t\t\t    <\/div>\r\n\t\t\t\t<div class=\"property-wrap\">\r\n\t\t\t\t\t<h2 class=\"property-title\">\r\n\t\t\t\t\t\t<a href=\"https:\/\/www.prenajombyty.sk\/new\/properties\/nadstandardne-administrativne-priestory-v-centre-hlavneho-mesta-7\/\" title=\"Permanent link to: &quot;Administrat\u00edvne priestory na Rajskej ul. na 1. poschod\u00ed \u2013 FLEXI FLOOR&quot;\">Administrat\u00edvne priestory na Rajskej ul. na 1. poschod\u00ed \u2013 FLEXI FLOOR<\/a>\r\n\t\t\t\t\t\t\t\t\t\t\t\t<small>Rajsk\u00e1 15\/A<\/small>\r\n\t\t\t\t\t\t\t\t\t\t\t<\/h2>\r\n\t\t\t\t\t<div class=\"property-excerpt\">\r\n\t\t\t\t\t\t\t\t\t\t\t\t\t<p>Spolo\u010dnos\u0165 24 Development s.r.o. pon\u00faka na pren\u00e1jom administrat\u00edvne priestory vo vlastnom objekte Rajsk\u00e1 Boutique Offices....<\/p><p class=\"property-fullwidth-excerpt\">Spolo\u010dnos\u0165 24 Development s.r.o. pon\u00faka na pren\u00e1jom administrat\u00edvne priestory vo vlastnom objekte Rajsk\u00e1 Boutique Offices. Nach\u00e1dza sa na Rajskej 15\/A v Bratislave \u2013 Starom Meste...<\/p>\t\t\t\t\t\t\t\t\t\t\t<\/div>\r\n\t\t\t\t\t<div class=\"property-summary\">\r\n\t\t\t\t\t\t<div class=\"property-detail\">\n<div class=\"area\"><span class=\"property-meta-icon\" style=\"background-image: url(https:\/\/www.prenajombyty.sk\/new\/wp-content\/uploads\/2020\/11\/size-icon.png);\"><\/span><span class=\"property-meta\">15 - 32 m2<\/span><\/div>\n<div class=\"adresa\"><span class=\"property-meta-icon\" style=\"background-image: url(https:\/\/www.prenajombyty.sk\/new\/wp-content\/uploads\/2020\/12\/location-icon.png);\"><\/span><span class=\"property-meta\">Rajsk\u00e1 15\/A<\/span><\/div>\n<\/div>\t\t\t\t\t\t<div class=\"property-info style-2\">\r\n\t\t\t\t\t\t\t<div class=\"property-price\">\r\n\t\t\t\t\t\t\t\t<span> Dohodou <\/span>\r\n\t\t\t\t\t\t\t<\/div>\r\n\r\n\t\t\t\t\t\t\t\t\t\t\t\t\t\t\t<div class=\"property-action readmore-property\">\r\n\t\t\t\t\t\t\t\t \t<a class=\"readmore-link\" href=\"https:\/\/www.prenajombyty.sk\/new\/properties\/nadstandardne-administrativne-priestory-v-centre-hlavneho-mesta-7\/\" title=\"Administrat\u00edvne priestory na Rajskej ul. na 1. poschod\u00ed \u2013 FLEXI FLOOR\">\r\n\t\t\t\t\t\t\t\t \t\tViac info\t\t\t\t\t\t\t\t \t<\/a>\r\n\t\t\t\t\t\t\t\t<\/div>\r\n\t\t\t\t\t\t\t\t\t\t\t\t\t<\/div>\r\n\t\t\t\t\t\t<div class=\"property-info property-fullwidth-info\">\r\n\t\t\t\t\t\t\t<div class=\"property-price\">\r\n\t\t\t\t\t\t\t\t<span> Dohodou <\/span>\r\n\t\t\t\t\t\t\t<\/div>\r\n\t\t\t\t\t\t\t<div class=\"area\"><span class=\"property-meta-icon\" style=\"background-image: url(https:\/\/www.prenajombyty.sk\/new\/wp-content\/uploads\/2020\/11\/size-icon.png);\"><\/span><span class=\"property-meta\">15 - 32 m2<\/span><\/div>\n<div class=\"adresa\"><span class=\"property-meta-icon\" style=\"background-image: url(https:\/\/www.prenajombyty.sk\/new\/wp-content\/uploads\/2020\/12\/location-icon.png);\"><\/span><span class=\"property-meta\">Rajsk\u00e1 15\/A<\/span><\/div>\t\t\t\t\t\t<\/div>\r\n\t\t\t\t\t<\/div>\r\n\t\t\t\t<\/div>\r\n\t\t\t\t<div class=\"property-action property-fullwidth-action\">\r\n\t\t\t\t\t<a href=\"https:\/\/www.prenajombyty.sk\/new\/properties\/nadstandardne-administrativne-priestory-v-centre-hlavneho-mesta-7\/\">Viac info<\/a>\r\n\t\t\t\t<\/div>\r\n\t\t\t<\/article> <!-- \/#post- -->\r\n\t\t\t\t<article id=\"property-13484\" class=\"post-13484 noo_property type-noo_property status-publish has-post-thumbnail hentry property_category-kancelaria property_label-volne property_location-bratislava property_sub_location-centrum property_status-prenajom has-featured\">\r\n\t\t\t    <div class=\"property-featured\">\r\n\t\t\t    \t\t\t\t    \t\t\t\t        <a class=\"content-thumb xx\" href=\"https:\/\/www.prenajombyty.sk\/new\/properties\/nadstandardne-administrativne-priestory-v-centre-hlavneho-mesta-5\/\">\r\n\t\t\t\t\t\t<img decoding=\"async\" width=\"370\" height=\"300\" src=\"https:\/\/www.prenajombyty.sk\/new\/wp-content\/uploads\/2021\/02\/3P_7_OPENSPACE-370x300.jpg\" class=\"attachment-property-thumb size-property-thumb wp-post-image\" alt=\"\" \/>\t\t\t\t\t<\/a>\r\n\t\t\t\t\t\t\t\t\t\t\t<span class=\"property-label\"  style=\"background-color:#81d742\">Vo\u013en\u00e9<\/span>\r\n\t\t\t\t\t\t\t\t\t\t\t\t\t\t\t\t\t\t\t\t\t<span class=\"property-label sold\">Pren\u00e1jom<\/span>\r\n\t\t\t\t\t\t\t\t\t\t<span class=\"property-category\"><a href=\"https:\/\/www.prenajombyty.sk\/new\/listings\/kancelaria\/\" rel=\"tag\">Kancel\u00e1ria<\/a><\/span>\r\n\t\t\t\t\t\t\t\t\t\t<a class=\"out-link\" title=\"\" href=\"https:\/\/www.prenajombyty.sk\/new\/properties\/nadstandardne-administrativne-priestory-v-centre-hlavneho-mesta-5\/\">\r\n\t\t\t\t\t\t<i class=\"fa fa-link\" aria-hidden=\"true\"><\/i>\r\n\t\t\t\t\t<\/a>\r\n\t\t\t    <\/div>\r\n\t\t\t\t<div class=\"property-wrap\">\r\n\t\t\t\t\t<h2 class=\"property-title\">\r\n\t\t\t\t\t\t<a href=\"https:\/\/www.prenajombyty.sk\/new\/properties\/nadstandardne-administrativne-priestory-v-centre-hlavneho-mesta-5\/\" title=\"Permanent link to: &quot;Administrat\u00edvne priestory 333 m2 na Rajskej ul. na 3. poschod\u00ed&quot;\">Administrat\u00edvne priestory 333 m2 na Rajskej ul. na 3. poschod\u00ed<\/a>\r\n\t\t\t\t\t\t\t\t\t\t\t\t<small>Rajsk\u00e1 15\/A<\/small>\r\n\t\t\t\t\t\t\t\t\t\t\t<\/h2>\r\n\t\t\t\t\t<div class=\"property-excerpt\">\r\n\t\t\t\t\t\t\t\t\t\t\t\t\t<p>Spolo\u010dnos\u0165 24 Development s.r.o. pon\u00faka na pren\u00e1jom administrat\u00edvne priestory vo vlastnom objekte Rajsk\u00e1 Boutique Offices....<\/p><p class=\"property-fullwidth-excerpt\">Spolo\u010dnos\u0165 24 Development s.r.o. pon\u00faka na pren\u00e1jom administrat\u00edvne priestory vo vlastnom objekte Rajsk\u00e1 Boutique Offices. Nach\u00e1dza na Rajskej 15\/A v Bratislave \u2013 Starom Meste v...<\/p>\t\t\t\t\t\t\t\t\t\t\t<\/div>\r\n\t\t\t\t\t<div class=\"property-summary\">\r\n\t\t\t\t\t\t<div class=\"property-detail\">\n<div class=\"area\"><span class=\"property-meta-icon\" style=\"background-image: url(https:\/\/www.prenajombyty.sk\/new\/wp-content\/uploads\/2020\/11\/size-icon.png);\"><\/span><span class=\"property-meta\">333,34 m2<\/span><\/div>\n<div class=\"adresa\"><span class=\"property-meta-icon\" style=\"background-image: url(https:\/\/www.prenajombyty.sk\/new\/wp-content\/uploads\/2020\/12\/location-icon.png);\"><\/span><span class=\"property-meta\">Rajsk\u00e1 15\/A<\/span><\/div>\n<\/div>\t\t\t\t\t\t<div class=\"property-info style-2\">\r\n\t\t\t\t\t\t\t<div class=\"property-price\">\r\n\t\t\t\t\t\t\t\t<span> Dohodou <\/span>\r\n\t\t\t\t\t\t\t<\/div>\r\n\r\n\t\t\t\t\t\t\t\t\t\t\t\t\t\t\t<div class=\"property-action readmore-property\">\r\n\t\t\t\t\t\t\t\t \t<a class=\"readmore-link\" href=\"https:\/\/www.prenajombyty.sk\/new\/properties\/nadstandardne-administrativne-priestory-v-centre-hlavneho-mesta-5\/\" title=\"Administrat\u00edvne priestory 333 m2 na Rajskej ul. na 3. poschod\u00ed\">\r\n\t\t\t\t\t\t\t\t \t\tViac info\t\t\t\t\t\t\t\t \t<\/a>\r\n\t\t\t\t\t\t\t\t<\/div>\r\n\t\t\t\t\t\t\t\t\t\t\t\t\t<\/div>\r\n\t\t\t\t\t\t<div class=\"property-info property-fullwidth-info\">\r\n\t\t\t\t\t\t\t<div class=\"property-price\">\r\n\t\t\t\t\t\t\t\t<span> Dohodou <\/span>\r\n\t\t\t\t\t\t\t<\/div>\r\n\t\t\t\t\t\t\t<div class=\"area\"><span class=\"property-meta-icon\" style=\"background-image: url(https:\/\/www.prenajombyty.sk\/new\/wp-content\/uploads\/2020\/11\/size-icon.png);\"><\/span><span class=\"property-meta\">333,34 m2<\/span><\/div>\n<div class=\"adresa\"><span class=\"property-meta-icon\" style=\"background-image: url(https:\/\/www.prenajombyty.sk\/new\/wp-content\/uploads\/2020\/12\/location-icon.png);\"><\/span><span class=\"property-meta\">Rajsk\u00e1 15\/A<\/span><\/div>\t\t\t\t\t\t<\/div>\r\n\t\t\t\t\t<\/div>\r\n\t\t\t\t<\/div>\r\n\t\t\t\t<div class=\"property-action property-fullwidth-action\">\r\n\t\t\t\t\t<a href=\"https:\/\/www.prenajombyty.sk\/new\/properties\/nadstandardne-administrativne-priestory-v-centre-hlavneho-mesta-5\/\">Viac info<\/a>\r\n\t\t\t\t<\/div>\r\n\t\t\t<\/article> <!-- \/#post- -->\r\n\t\t\t\t<article id=\"property-13462\" class=\"post-13462 noo_property type-noo_property status-publish has-post-thumbnail hentry property_category-kancelaria property_label-volne property_location-bratislava property_sub_location-centrum property_status-prenajom has-featured\">\r\n\t\t\t    <div class=\"property-featured\">\r\n\t\t\t    \t\t\t\t    \t\t\t\t        <a class=\"content-thumb xx\" href=\"https:\/\/www.prenajombyty.sk\/new\/properties\/nadstandardne-administrativne-priestory-v-centre-hlavne-mesta\/\">\r\n\t\t\t\t\t\t<img decoding=\"async\" width=\"370\" height=\"300\" src=\"https:\/\/www.prenajombyty.sk\/new\/wp-content\/uploads\/2021\/02\/DSC_0139_ad-1-370x300.jpg\" class=\"attachment-property-thumb size-property-thumb wp-post-image\" alt=\"\" \/>\t\t\t\t\t<\/a>\r\n\t\t\t\t\t\t\t\t\t\t\t<span class=\"property-label\"  style=\"background-color:#81d742\">Vo\u013en\u00e9<\/span>\r\n\t\t\t\t\t\t\t\t\t\t\t\t\t\t\t\t\t\t\t\t\t<span class=\"property-label sold\">Pren\u00e1jom<\/span>\r\n\t\t\t\t\t\t\t\t\t\t<span class=\"property-category\"><a href=\"https:\/\/www.prenajombyty.sk\/new\/listings\/kancelaria\/\" rel=\"tag\">Kancel\u00e1ria<\/a><\/span>\r\n\t\t\t\t\t\t\t\t\t\t<a class=\"out-link\" title=\"\" href=\"https:\/\/www.prenajombyty.sk\/new\/properties\/nadstandardne-administrativne-priestory-v-centre-hlavne-mesta\/\">\r\n\t\t\t\t\t\t<i class=\"fa fa-link\" aria-hidden=\"true\"><\/i>\r\n\t\t\t\t\t<\/a>\r\n\t\t\t    <\/div>\r\n\t\t\t\t<div class=\"property-wrap\">\r\n\t\t\t\t\t<h2 class=\"property-title\">\r\n\t\t\t\t\t\t<a href=\"https:\/\/www.prenajombyty.sk\/new\/properties\/nadstandardne-administrativne-priestory-v-centre-hlavne-mesta\/\" title=\"Permanent link to: &quot;Administrat\u00edvne priestory 194 m2 na Rajskej ul. na 2. poschod\u00ed&quot;\">Administrat\u00edvne priestory 194 m2 na Rajskej ul. na 2. poschod\u00ed<\/a>\r\n\t\t\t\t\t\t\t\t\t\t\t\t<small>Rajsk\u00e1 15\/A<\/small>\r\n\t\t\t\t\t\t\t\t\t\t\t<\/h2>\r\n\t\t\t\t\t<div class=\"property-excerpt\">\r\n\t\t\t\t\t\t\t\t\t\t\t\t\t<p>Spolo\u010dnos\u0165 24 Development s.r.o. pon\u00faka na pren\u00e1jom administrat\u00edvne priestory vo vlastnom objekte Rajsk\u00e1 Boutique Offices....<\/p><p class=\"property-fullwidth-excerpt\">Spolo\u010dnos\u0165 24 Development s.r.o. pon\u00faka na pren\u00e1jom administrat\u00edvne priestory vo vlastnom objekte Rajsk\u00e1 Boutique Offices. Nach\u00e1dza na Rajskej 15\/A v Bratislave \u2013 Starom Meste v...<\/p>\t\t\t\t\t\t\t\t\t\t\t<\/div>\r\n\t\t\t\t\t<div class=\"property-summary\">\r\n\t\t\t\t\t\t<div class=\"property-detail\">\n<div class=\"area\"><span class=\"property-meta-icon\" style=\"background-image: url(https:\/\/www.prenajombyty.sk\/new\/wp-content\/uploads\/2020\/11\/size-icon.png);\"><\/span><span class=\"property-meta\">194,44 m2<\/span><\/div>\n<div class=\"adresa\"><span class=\"property-meta-icon\" style=\"background-image: url(https:\/\/www.prenajombyty.sk\/new\/wp-content\/uploads\/2020\/12\/location-icon.png);\"><\/span><span class=\"property-meta\">Rajsk\u00e1 15\/A<\/span><\/div>\n<\/div>\t\t\t\t\t\t<div class=\"property-info style-2\">\r\n\t\t\t\t\t\t\t<div class=\"property-price\">\r\n\t\t\t\t\t\t\t\t<span> Dohodou <\/span>\r\n\t\t\t\t\t\t\t<\/div>\r\n\r\n\t\t\t\t\t\t\t\t\t\t\t\t\t\t\t<div class=\"property-action readmore-property\">\r\n\t\t\t\t\t\t\t\t \t<a class=\"readmore-link\" href=\"https:\/\/www.prenajombyty.sk\/new\/properties\/nadstandardne-administrativne-priestory-v-centre-hlavne-mesta\/\" title=\"Administrat\u00edvne priestory 194 m2 na Rajskej ul. na 2. poschod\u00ed\">\r\n\t\t\t\t\t\t\t\t \t\tViac info\t\t\t\t\t\t\t\t \t<\/a>\r\n\t\t\t\t\t\t\t\t<\/div>\r\n\t\t\t\t\t\t\t\t\t\t\t\t\t<\/div>\r\n\t\t\t\t\t\t<div class=\"property-info property-fullwidth-info\">\r\n\t\t\t\t\t\t\t<div class=\"property-price\">\r\n\t\t\t\t\t\t\t\t<span> Dohodou <\/span>\r\n\t\t\t\t\t\t\t<\/div>\r\n\t\t\t\t\t\t\t<div class=\"area\"><span class=\"property-meta-icon\" style=\"background-image: url(https:\/\/www.prenajombyty.sk\/new\/wp-content\/uploads\/2020\/11\/size-icon.png);\"><\/span><span class=\"property-meta\">194,44 m2<\/span><\/div>\n<div class=\"adresa\"><span class=\"property-meta-icon\" style=\"background-image: url(https:\/\/www.prenajombyty.sk\/new\/wp-content\/uploads\/2020\/12\/location-icon.png);\"><\/span><span class=\"property-meta\">Rajsk\u00e1 15\/A<\/span><\/div>\t\t\t\t\t\t<\/div>\r\n\t\t\t\t\t<\/div>\r\n\t\t\t\t<\/div>\r\n\t\t\t\t<div class=\"property-action property-fullwidth-action\">\r\n\t\t\t\t\t<a href=\"https:\/\/www.prenajombyty.sk\/new\/properties\/nadstandardne-administrativne-priestory-v-centre-hlavne-mesta\/\">Viac info<\/a>\r\n\t\t\t\t<\/div>\r\n\t\t\t<\/article> <!-- \/#post- -->\r\n\t    \t<\/div><\/div>    <\/div>\r\n\r\n[\/vc_column][\/vc_row]<\/p>\n","protected":false},"excerpt":{"rendered":"<p>[vc_row][vc_column][\/vc_column][\/vc_row]<\/p>\n","protected":false},"author":6,"featured_media":0,"parent":0,"menu_order":0,"comment_status":"closed","ping_status":"closed","template":"","meta":{"footnotes":""},"class_list":["post-14800","page","type-page","status-publish","hentry","has-featured"],"_links":{"self":[{"href":"https:\/\/www.prenajombyty.sk\/new\/wp-json\/wp\/v2\/pages\/14800","targetHints":{"allow":["GET"]}}],"collection":[{"href":"https:\/\/www.prenajombyty.sk\/new\/wp-json\/wp\/v2\/pages"}],"about":[{"href":"https:\/\/www.prenajombyty.sk\/new\/wp-json\/wp\/v2\/types\/page"}],"author":[{"embeddable":true,"href":"https:\/\/www.prenajombyty.sk\/new\/wp-json\/wp\/v2\/users\/6"}],"replies":[{"embeddable":true,"href":"https:\/\/www.prenajombyty.sk\/new\/wp-json\/wp\/v2\/comments?post=14800"}],"version-history":[{"count":4,"href":"https:\/\/www.prenajombyty.sk\/new\/wp-json\/wp\/v2\/pages\/14800\/revisions"}],"predecessor-version":[{"id":14950,"href":"https:\/\/www.prenajombyty.sk\/new\/wp-json\/wp\/v2\/pages\/14800\/revisions\/14950"}],"wp:attachment":[{"href":"https:\/\/www.prenajombyty.sk\/new\/wp-json\/wp\/v2\/media?parent=14800"}],"curies":[{"name":"wp","href":"https:\/\/api.w.org\/{rel}","templated":true}]}}